{"id":5584,"date":"2025-12-08T13:05:35","date_gmt":"2025-12-08T13:05:35","guid":{"rendered":"https:\/\/electrirenov.fr\/?page_id=5584"},"modified":"2025-12-08T13:05:52","modified_gmt":"2025-12-08T13:05:52","slug":"services","status":"publish","type":"page","link":"https:\/\/electrirenov.fr\/en\/services\/","title":{"rendered":"services"},"content":{"rendered":"\t\t<div data-elementor-type=\"wp-page\" data-elementor-id=\"5584\" class=\"elementor elementor-5584\" data-elementor-post-type=\"page\">\n\t\t\t\t<div class=\"elementor-element elementor-element-593f3422 e-flex e-con-boxed e-con e-parent\" data-id=\"593f3422\" data-element_type=\"container\" data-e-type=\"container\" data-settings=\"{&quot;background_background&quot;:&quot;classic&quot;}\">\n\t\t\t\t\t<div class=\"e-con-inner\">\n\t\t\t\t<div class=\"elementor-element elementor-element-68faade2 animated-fast elementor-icon-list--layout-traditional elementor-list-item-link-full_width elementor-invisible elementor-widget elementor-widget-icon-list\" data-id=\"68faade2\" data-element_type=\"widget\" data-e-type=\"widget\" data-settings=\"{&quot;_animation&quot;:&quot;opal-move-up&quot;}\" data-widget_type=\"icon-list.default\">\n\t\t\t\t\t\t\t<ul class=\"elementor-icon-list-items\">\n\t\t\t\t\t\t\t<li class=\"elementor-icon-list-item\">\n\t\t\t\t\t\t\t\t\t\t<span class=\"elementor-icon-list-text\">Prestations<\/span>\n\t\t\t\t\t\t\t\t\t<\/li>\n\t\t\t\t\t\t<\/ul>\n\t\t\t\t\t\t<\/div>\n\t\t\t\t<div class=\"elementor-element elementor-element-4e66b045 elementor-widget__width-initial animated-fast elementor-invisible elementor-widget elementor-widget-fikco_animated-headline\" data-id=\"4e66b045\" data-element_type=\"widget\" data-e-type=\"widget\" data-settings=\"{&quot;_animation&quot;:&quot;opal-move-up&quot;}\" data-widget_type=\"fikco_animated-headline.default\">\n\t\t\t\t<div class=\"elementor-widget-container\">\n\t\t\t\t\t        <h2  class=\"elementor-headline\">\n                <span class=\"elementor-headline-dynamic-wrapper elementor-headline-text-wrapper\">\n                    <span class=\"elementor-headline-dynamic-text elementor-headline-text-active\">Prestations<\/span>\n        \t\t<\/span>\n                    <span class=\"elementor-headline-after-text elementor-headline-text-wrapper\">prises en charge<\/span>\n                <\/h2>\n        \t\t\t\t<\/div>\n\t\t\t\t<\/div>\n\t\t\t\t<div class=\"elementor-element elementor-element-63ca4d7f animated-fast elementor-icon-list--layout-traditional elementor-list-item-link-full_width elementor-invisible elementor-widget elementor-widget-icon-list\" data-id=\"63ca4d7f\" data-element_type=\"widget\" data-e-type=\"widget\" data-settings=\"{&quot;_animation&quot;:&quot;opal-move-up&quot;}\" data-widget_type=\"icon-list.default\">\n\t\t\t\t\t\t\t<ul class=\"elementor-icon-list-items\">\n\t\t\t\t\t\t\t<li class=\"elementor-icon-list-item\">\n\t\t\t\t\t\t\t\t\t\t<span class=\"elementor-icon-list-text\">\u00c9lectricien rigoureux et qualifi\u00e9, les travaux de mise en s\u00e9curit\u00e9, d'\u00e9clairage, de d\u00e9pannage, de mise en conformit\u00e9, d'installation neuve sont pris en charge avec du savoir-faire, de la r\u00e9activit\u00e9 et une exp\u00e9rience de 15 ans pour vous garantir un travail ex\u00e9cut\u00e9 parfaitement et dans les d\u00e9lais possibles.<\/span>\n\t\t\t\t\t\t\t\t\t<\/li>\n\t\t\t\t\t\t<\/ul>\n\t\t\t\t\t\t<\/div>\n\t\t\t\t<div class=\"elementor-element elementor-element-8a0c8c3 animated-fast elementor-service-style-1 elementor-invisible elementor-widget elementor-widget-fikco-services\" data-id=\"8a0c8c3\" data-element_type=\"widget\" data-e-type=\"widget\" data-settings=\"{&quot;_animation&quot;:&quot;opal-move-up&quot;}\" data-widget_type=\"fikco-services.default\">\n\t\t\t\t<div class=\"elementor-widget-container\">\n\t\t\t\t\t        <div class=\"elementor-service-wrapper\">\n            <div class=\"d-grid\">\n                                    <div class=\"grid-item service-item service-style-1\">\n                        <div class=\"service-inner\">\n    <div class=\"service-post-thumbnail\">\n                                <\/div><!-- .post-thumbnail -->\n    <div class=\"service-content\">\n        <div class=\"service-content-header\">\n            <h4 class=\"service-title omega\"><a href=\"https:\/\/electrirenov.fr\/en\/services\/depannage\/\">D\u00e9pannage<\/a><\/h4>\n                            <span class=\"count\">01\/<\/span>\n                        <\/div>\n\n                <div class=\"service-button-scroll\">\n                            <a href=\"https:\/\/electrirenov.fr\/en\/services\/depannage\/\" class=\"scrolling-text\">View Details<\/a>\n                            <a href=\"https:\/\/electrirenov.fr\/en\/services\/depannage\/\" class=\"scrolling-text\">View Details<\/a>\n                            <a href=\"https:\/\/electrirenov.fr\/en\/services\/depannage\/\" class=\"scrolling-text\">View Details<\/a>\n                            <a href=\"https:\/\/electrirenov.fr\/en\/services\/depannage\/\" class=\"scrolling-text\">View Details<\/a>\n                            <a href=\"https:\/\/electrirenov.fr\/en\/services\/depannage\/\" class=\"scrolling-text\">View Details<\/a>\n                    <\/div>\n        <div class=\"service-description\"><p>Diagnostic et d\u00e9pannage \u00e9lectrique cibl\u00e9 \u00e0 Rouen et 50km alentours<\/p>\n<\/div>\n    <\/div>\n<\/div>\n                    <\/div>\n                                        <div class=\"grid-item service-item service-style-1\">\n                        <div class=\"service-inner\">\n    <div class=\"service-post-thumbnail\">\n                                <\/div><!-- .post-thumbnail -->\n    <div class=\"service-content\">\n        <div class=\"service-content-header\">\n            <h4 class=\"service-title omega\"><a href=\"https:\/\/electrirenov.fr\/en\/services\/securite\/\">S\u00e9curit\u00e9<\/a><\/h4>\n                            <span class=\"count\">02\/<\/span>\n                        <\/div>\n\n        <div class=\"icon-wrap\"><img decoding=\"async\" class=\"service-icon\" src=\"https:\/\/Installation%20compl\u00e8te%20de%20vos%20appareils%20de%20s\u00e9curit\u00e9%20\u00e9lectrique,%20conform\u00e9ment%20aux%20normes%20en%20vigueur\" alt=\"service icon\"><\/div>        <div class=\"service-button-scroll\">\n                            <a href=\"https:\/\/electrirenov.fr\/en\/services\/securite\/\" class=\"scrolling-text\">View Details<\/a>\n                            <a href=\"https:\/\/electrirenov.fr\/en\/services\/securite\/\" class=\"scrolling-text\">View Details<\/a>\n                            <a href=\"https:\/\/electrirenov.fr\/en\/services\/securite\/\" class=\"scrolling-text\">View Details<\/a>\n                            <a href=\"https:\/\/electrirenov.fr\/en\/services\/securite\/\" class=\"scrolling-text\">View Details<\/a>\n                            <a href=\"https:\/\/electrirenov.fr\/en\/services\/securite\/\" class=\"scrolling-text\">View Details<\/a>\n                    <\/div>\n        <div class=\"service-description\"><p>Installation et mise en s\u00e9curit\u00e9 de votre logement Appelez-nous pour obtenir des renseignements suppl\u00e9mentaires au 07 85 46 73 87 Dans le cadre de cette prestation, nous assurons l\u2019installation compl\u00e8te de vos appareils de s\u00e9curit\u00e9 \u00e9lectrique, conform\u00e9ment aux normes en vigueur (NF C 15-100). Cette intervention comprend la pose et le raccordement de dispositifs essentiels [&hellip;]<\/p>\n<\/div>\n    <\/div>\n<\/div>\n                    <\/div>\n                                        <div class=\"grid-item service-item service-style-1\">\n                        <div class=\"service-inner\">\n    <div class=\"service-post-thumbnail\">\n                                <\/div><!-- .post-thumbnail -->\n    <div class=\"service-content\">\n        <div class=\"service-content-header\">\n            <h4 class=\"service-title omega\"><a href=\"https:\/\/electrirenov.fr\/en\/services\/conformite\/\">Conformit\u00e9<\/a><\/h4>\n                            <span class=\"count\">03\/<\/span>\n                        <\/div>\n\n        <div class=\"icon-wrap\"><img decoding=\"async\" class=\"service-icon\" src=\"https:\/\/\u00c0%20votre%20demande,%20nous%20remettons%20l\u2019ancienne%20installation%20\u00e9lectrique%20aux%20normes.\" alt=\"service icon\"><\/div>        <div class=\"service-button-scroll\">\n                            <a href=\"https:\/\/electrirenov.fr\/en\/services\/conformite\/\" class=\"scrolling-text\">View Details<\/a>\n                            <a href=\"https:\/\/electrirenov.fr\/en\/services\/conformite\/\" class=\"scrolling-text\">View Details<\/a>\n                            <a href=\"https:\/\/electrirenov.fr\/en\/services\/conformite\/\" class=\"scrolling-text\">View Details<\/a>\n                            <a href=\"https:\/\/electrirenov.fr\/en\/services\/conformite\/\" class=\"scrolling-text\">View Details<\/a>\n                            <a href=\"https:\/\/electrirenov.fr\/en\/services\/conformite\/\" class=\"scrolling-text\">View Details<\/a>\n                    <\/div>\n        <div class=\"service-description\"><p>Mise en conformit\u00e9 cibl\u00e9 \u00e0 Rouen et ses alentours Appelez-nous pour obtenir des renseignements suppl\u00e9mentaires au 07 85 46 73 87 \u00c0 votre demande, nous remettons l\u2019ancienne installation \u00e9lectrique aux normes. Avant le d\u00e9but des travaux, nous commen\u00e7ons par v\u00e9rifier la conformit\u00e9 des appareils et des \u00e9quipements \u00e9lectriques\u00a0: alimentation g\u00e9n\u00e9rale, compteur EDF, dispositif de coupure [&hellip;]<\/p>\n<\/div>\n    <\/div>\n<\/div>\n                    <\/div>\n                                        <div class=\"grid-item service-item service-style-1\">\n                        <div class=\"service-inner\">\n    <div class=\"service-post-thumbnail\">\n                                <\/div><!-- .post-thumbnail -->\n    <div class=\"service-content\">\n        <div class=\"service-content-header\">\n            <h4 class=\"service-title omega\"><a href=\"https:\/\/electrirenov.fr\/en\/services\/installtion-neuve\/\">Installation neuve<\/a><\/h4>\n                            <span class=\"count\">04\/<\/span>\n                        <\/div>\n\n        <div class=\"icon-wrap\"><img decoding=\"async\" class=\"service-icon\" src=\"https:\/\/Installation%20compl\u00e8te%20des%20dispositifs%20de%20s\u00e9curit\u00e9%20\u00e9lectrique,%20d\u00e8s%20la%20phase%20de%20pr\u00e9paration%20du%20chantier%20jusqu\u2019\u00e0%20la%20mise%20en%20service%20finale.\" alt=\"service icon\"><\/div>        <div class=\"service-button-scroll\">\n                            <a href=\"https:\/\/electrirenov.fr\/en\/services\/installtion-neuve\/\" class=\"scrolling-text\">View Details<\/a>\n                            <a href=\"https:\/\/electrirenov.fr\/en\/services\/installtion-neuve\/\" class=\"scrolling-text\">View Details<\/a>\n                            <a href=\"https:\/\/electrirenov.fr\/en\/services\/installtion-neuve\/\" class=\"scrolling-text\">View Details<\/a>\n                            <a href=\"https:\/\/electrirenov.fr\/en\/services\/installtion-neuve\/\" class=\"scrolling-text\">View Details<\/a>\n                            <a href=\"https:\/\/electrirenov.fr\/en\/services\/installtion-neuve\/\" class=\"scrolling-text\">View Details<\/a>\n                    <\/div>\n        <div class=\"service-description\"><p>Installation neuve cibl\u00e9 \u00e0 Rouen et ses alentours Appelez-nous pour obtenir des renseignements suppl\u00e9mentaires au 07 85 46 73 87 Dans le cadre d\u2019une construction neuve (maison individuelle, appartement ou local professionnel), nous assurons l\u2019installation compl\u00e8te des dispositifs de s\u00e9curit\u00e9 \u00e9lectrique, d\u00e8s la phase de pr\u00e9paration du chantier jusqu\u2019\u00e0 la mise en service finale. Cette [&hellip;]<\/p>\n<\/div>\n    <\/div>\n<\/div>\n                    <\/div>\n                                        <div class=\"grid-item service-item service-style-1\">\n                        <div class=\"service-inner\">\n    <div class=\"service-post-thumbnail\">\n                                <\/div><!-- .post-thumbnail -->\n    <div class=\"service-content\">\n        <div class=\"service-content-header\">\n            <h4 class=\"service-title omega\"><a href=\"https:\/\/electrirenov.fr\/en\/services\/luminaire\/\">Pose de luminaire<\/a><\/h4>\n                            <span class=\"count\">05\/<\/span>\n                        <\/div>\n\n        <div class=\"icon-wrap\"><img decoding=\"async\" class=\"service-icon\" src=\"https:\/\/R\u00e9alisations%20la%20pose%20compl\u00e8te%20de%20vos%20luminaires,%20depuis%20la%20pr\u00e9paration%20des%20points%20lumineux%20jusqu\u2019\u00e0%20la%20mise%20en%20service%20finale.\" alt=\"service icon\"><\/div>        <div class=\"service-button-scroll\">\n                            <a href=\"https:\/\/electrirenov.fr\/en\/services\/luminaire\/\" class=\"scrolling-text\">View Details<\/a>\n                            <a href=\"https:\/\/electrirenov.fr\/en\/services\/luminaire\/\" class=\"scrolling-text\">View Details<\/a>\n                            <a href=\"https:\/\/electrirenov.fr\/en\/services\/luminaire\/\" class=\"scrolling-text\">View Details<\/a>\n                            <a href=\"https:\/\/electrirenov.fr\/en\/services\/luminaire\/\" class=\"scrolling-text\">View Details<\/a>\n                            <a href=\"https:\/\/electrirenov.fr\/en\/services\/luminaire\/\" class=\"scrolling-text\">View Details<\/a>\n                    <\/div>\n        <div class=\"service-description\"><p>Pose de luminaire et \u00e9clairages cibl\u00e9 \u00e0 Rouen et ses alentours Appelez-nous pour obtenir des renseignements suppl\u00e9mentaires au 07 85 46 73 87 Dans le cadre d\u2019un projet de construction neuve (maison, appartement ou local professionnel), nous r\u00e9alisons la pose compl\u00e8te de vos luminaires, depuis la pr\u00e9paration des points lumineux jusqu\u2019\u00e0 la mise en service [&hellip;]<\/p>\n<\/div>\n    <\/div>\n<\/div>\n                    <\/div>\n                                        <div class=\"grid-item service-item service-style-1\">\n                        <div class=\"service-inner\">\n    <div class=\"service-post-thumbnail\">\n                                <\/div><!-- .post-thumbnail -->\n    <div class=\"service-content\">\n        <div class=\"service-content-header\">\n            <h4 class=\"service-title omega\"><a href=\"https:\/\/electrirenov.fr\/en\/services\/eclairage-ambiance\/\">Eclairage d&rsquo;ambiance et d\u00e9corative<\/a><\/h4>\n                            <span class=\"count\">06\/<\/span>\n                        <\/div>\n\n        <div class=\"icon-wrap\"><img decoding=\"async\" class=\"service-icon\" src=\"https:\/\/Installation%20compl\u00e8te%20des%20syst\u00e8mes%20d\u2019\u00e9clairage%20d\u2019ambiance,%20d\u00e9coratif%20et%20ext\u00e9rieur,%20afin%20de%20valoriser%20les%20espaces%20et%20de%20cr\u00e9er%20une%20atmosph\u00e8re%20adapt\u00e9e%20\u00e0%20chaque%20zone.\" alt=\"service icon\"><\/div>        <div class=\"service-button-scroll\">\n                            <a href=\"https:\/\/electrirenov.fr\/en\/services\/eclairage-ambiance\/\" class=\"scrolling-text\">View Details<\/a>\n                            <a href=\"https:\/\/electrirenov.fr\/en\/services\/eclairage-ambiance\/\" class=\"scrolling-text\">View Details<\/a>\n                            <a href=\"https:\/\/electrirenov.fr\/en\/services\/eclairage-ambiance\/\" class=\"scrolling-text\">View Details<\/a>\n                            <a href=\"https:\/\/electrirenov.fr\/en\/services\/eclairage-ambiance\/\" class=\"scrolling-text\">View Details<\/a>\n                            <a href=\"https:\/\/electrirenov.fr\/en\/services\/eclairage-ambiance\/\" class=\"scrolling-text\">View Details<\/a>\n                    <\/div>\n        <div class=\"service-description\"><p>Pose d&rsquo;\u00e9clairages d&rsquo;ambiance, d\u00e9coratif aux alentours de Rouen Appelez-nous pour obtenir des renseignements suppl\u00e9mentaires au 07 85 46 73 87 Dans le cadre d\u2019un projet de construction neuve (maison individuelle, appartement ou local professionnel), nous assurons la conception et l\u2019installation compl\u00e8te des syst\u00e8mes d\u2019\u00e9clairage d\u2019ambiance, d\u00e9coratif et ext\u00e9rieur, afin de valoriser les espaces et de [&hellip;]<\/p>\n<\/div>\n    <\/div>\n<\/div>\n                    <\/div>\n                                <\/div>\n\n        <\/div>\n                \t\t\t\t<\/div>\n\t\t\t\t<\/div>\n\t\t\t\t\t<\/div>\n\t\t\t\t<\/div>\n\t\t\t\t<\/div>\n\t\t","protected":false},"excerpt":{"rendered":"<p>Prestations Prestations prises en charge \u00c9lectricien rigoureux et qualifi\u00e9, les travaux de mise en s\u00e9curit\u00e9, d&rsquo;\u00e9clairage, de d\u00e9pannage, de mise en conformit\u00e9, d&rsquo;installation neuve sont pris en charge avec du savoir-faire, de la r\u00e9activit\u00e9 et une exp\u00e9rience de 15 ans pour vous garantir un travail ex\u00e9cut\u00e9 parfaitement et dans les d\u00e9lais possibles. D\u00e9pannage 01\/ View [&hellip;]<\/p>\n","protected":false},"author":1,"featured_media":0,"parent":0,"menu_order":0,"comment_status":"closed","ping_status":"closed","template":"template-homepage.php","meta":{"footnotes":""},"class_list":["post-5584","page","type-page","status-publish","hentry"],"_links":{"self":[{"href":"https:\/\/electrirenov.fr\/en\/wp-json\/wp\/v2\/pages\/5584","targetHints":{"allow":["GET"]}}],"collection":[{"href":"https:\/\/electrirenov.fr\/en\/wp-json\/wp\/v2\/pages"}],"about":[{"href":"https:\/\/electrirenov.fr\/en\/wp-json\/wp\/v2\/types\/page"}],"author":[{"embeddable":true,"href":"https:\/\/electrirenov.fr\/en\/wp-json\/wp\/v2\/users\/1"}],"replies":[{"embeddable":true,"href":"https:\/\/electrirenov.fr\/en\/wp-json\/wp\/v2\/comments?post=5584"}],"version-history":[{"count":4,"href":"https:\/\/electrirenov.fr\/en\/wp-json\/wp\/v2\/pages\/5584\/revisions"}],"predecessor-version":[{"id":5588,"href":"https:\/\/electrirenov.fr\/en\/wp-json\/wp\/v2\/pages\/5584\/revisions\/5588"}],"wp:attachment":[{"href":"https:\/\/electrirenov.fr\/en\/wp-json\/wp\/v2\/media?parent=5584"}],"curies":[{"name":"wp","href":"https:\/\/api.w.org\/{rel}","templated":true}]}}